{"id":5504,"date":"2024-07-07T20:59:31","date_gmt":"2024-07-07T18:59:31","guid":{"rendered":"https:\/\/schwimmen-vfrsimmern.de\/?page_id=5504"},"modified":"2024-11-09T16:07:52","modified_gmt":"2024-11-09T15:07:52","slug":"kontakt","status":"publish","type":"page","link":"https:\/\/schwimmen-vfrsimmern.de\/index.php\/kontakt\/","title":{"rendered":"Kontakt"},"content":{"rendered":"<div class=\"fusion-fullwidth fullwidth-box fusion-builder-row-1 fusion-flex-container nonhundred-percent-fullwidth non-hundred-percent-height-scrolling fusion-animated\" style=\"--awb-background-position:left top;--awb-background-blend-mode:screen;--awb-border-sizes-top:0px;--awb-border-sizes-bottom:0px;--awb-border-sizes-left:0px;--awb-border-sizes-right:0px;--awb-border-color:var(--awb-color3);--awb-border-radius-top-left:0px;--awb-border-radius-top-right:0px;--awb-border-radius-bottom-right:0px;--awb-border-radius-bottom-left:0px;--awb-padding-top:100px;--awb-padding-right:0px;--awb-padding-bottom:100px;--awb-padding-left:0px;--awb-padding-top-medium:0px;--awb-padding-bottom-medium:0px;--awb-padding-top-small:0px;--awb-margin-top:-120px;--awb-margin-bottom:120px;--awb-margin-top-medium:-80px;--awb-margin-bottom-medium:80px;--awb-margin-top-small:-60px;--awb-margin-bottom-small:60px;--awb-background-color:hsla(var(--awb-color4-h),var(--awb-color4-s),var(--awb-color4-l),calc( var(--awb-color4-a) - 93% ));--awb-flex-wrap:wrap;\" data-animationType=\"fadeInUp\" data-animationDuration=\"1.3\" data-animationOffset=\"top-into-view\" ><div class=\"fusion-builder-row fusion-row fusion-flex-align-items-stretch fusion-flex-justify-content-center fusion-flex-content-wrap\" style=\"max-width:calc( 1200px + 0px );margin-left: calc(-0px \/ 2 );margin-right: calc(-0px \/ 2 );\"><div class=\"fusion-layout-column fusion_builder_column fusion-builder-column-0 fusion_builder_column_1_1 1_1 fusion-flex-column fusion-animated\" style=\"--awb-padding-top:2vw;--awb-padding-right:4vw;--awb-padding-bottom:2vw;--awb-padding-left:4vw;--awb-padding-top-small:0px;--awb-padding-right-small:90px;--awb-padding-bottom-small:0px;--awb-padding-left-small:90px;--awb-bg-color:var(--awb-color1);--awb-bg-color-hover:var(--awb-color1);--awb-bg-size:cover;--awb-width-large:100%;--awb-margin-top-large:0px;--awb-spacing-right-large:calc( 0.022 * calc( 100% - 0 ) );--awb-margin-bottom-large:0px;--awb-spacing-left-large:0px;--awb-width-medium:100%;--awb-order-medium:0;--awb-spacing-right-medium:calc( 0.022 * calc( 100% - 0 ) );--awb-spacing-left-medium:0px;--awb-width-small:100%;--awb-order-small:1;--awb-spacing-right-small:0px;--awb-spacing-left-small:0px;\" data-animationType=\"fadeInUp\" data-animationDuration=\"1.3\" data-animationOffset=\"top-into-view\"><div class=\"fusion-column-wrapper fusion-column-has-shadow fusion-flex-justify-content-flex-start fusion-content-layout-column\"><div class=\"fusion-separator fusion-full-width-sep\" style=\"align-self: center;margin-left: auto;margin-right: auto;margin-bottom:40px;width:100%;\"><\/div><div class=\"fusion-builder-row fusion-builder-row-inner fusion-row fusion-flex-align-items-stretch fusion-flex-justify-content-center fusion-flex-content-wrap\" style=\"--awb-flex-grow:0;--awb-flex-grow-medium:0;--awb-flex-grow-small:0;--awb-flex-shrink:0;--awb-flex-shrink-medium:0;--awb-flex-shrink-small:0;width:calc( 100% + 0px ) !important;max-width:calc( 100% + 0px ) !important;margin-left: calc(-0px \/ 2 );margin-right: calc(-0px \/ 2 );\"><div class=\"fusion-layout-column fusion_builder_column_inner fusion-builder-nested-column-0 fusion_builder_column_inner_1_1 1_1 fusion-flex-column\" style=\"--awb-bg-size:cover;--awb-width-large:100%;--awb-margin-top-large:0px;--awb-spacing-right-large:0px;--awb-margin-bottom-large:0px;--awb-spacing-left-large:0px;--awb-width-medium:100%;--awb-order-medium:0;--awb-spacing-right-medium:0px;--awb-spacing-left-medium:0px;--awb-width-small:100%;--awb-order-small:0;--awb-spacing-right-small:0px;--awb-spacing-left-small:0px;\"><div class=\"fusion-column-wrapper fusion-column-has-shadow fusion-flex-justify-content-flex-start fusion-content-layout-column\"><div class=\"fusion-title title fusion-title-1 fusion-sep-none fusion-title-center fusion-title-text fusion-title-size-two\" style=\"--awb-margin-bottom:25px;--awb-margin-top-small:10px;--awb-margin-right-small:0px;--awb-margin-bottom-small:10px;--awb-margin-left-small:0px;--awb-font-size:37px;\"><h2 class=\"fusion-title-heading title-heading-center\" style=\"margin:0;text-transform:none;font-size:1em;\">Kontaktformular<\/h2><\/div><div class=\"fusion-text fusion-text-1 fusion-text-no-margin\" style=\"--awb-content-alignment:center;--awb-margin-bottom:25px;\"><p>Du hast Spa\u00df am Schwimmsport?<\/p>\n<p>Dann sind wir, die Schwimmabteilung des VfR Simmern genau das Richtige f\u00fcr Dich!<\/p>\n<p>Wir bieten dir die M\u00f6glichkeit, das Schwimmen als Leistungssport zu betreiben. Unsere Trainerinnen und Trainer vermitteln dir die einzelnen Schwimmtechniken, damit du gemeinsam mit unserer Mannschaft an Schwimmwettk\u00e4mpfen teilnehmen kannst.<\/p>\n<p>Voraussetzung f\u00fcr eine Aufnahme ist, dass du bereits schwimmen kannst. Leider bieten wir keine Anf\u00e4ngerkurse f\u00fcr Nichtschwimmer an. Bitte beachte, dass es aktuell eine Warteliste f\u00fcr Neuaufnahmen gibt. Daher fr\u00fchzeitig anmelden!<\/p>\n<p>Du hast Interesse? Dann schreib uns einfach eine Nachricht.<\/p>\n<\/div><div class=\"fusion-form fusion-form-builder fusion-form-form-wrapper fusion-form-5508\" style=\"--awb-tooltip-text-color:var(--awb-color1);--awb-tooltip-background-color:var(--awb-color5);--awb-form-input-height:62px;--awb-form-bg-color:hsla(var(--awb-color1-h),var(--awb-color1-s),var(--awb-color1-l),calc(var(--awb-color1-a) - 100%));--awb-form-select-bg:var(--awb-color1);--awb-form-font-size:24px;--awb-form-placeholder-color:hsla(var(--awb-color8-h),var(--awb-color8-s),var(--awb-color8-l),calc(var(--awb-color8-a) - 80%));--awb-form-text-color:var(--awb-color8);--awb-form-label-color:var(--awb-color8);--awb-form-border-color:hsla(var(--awb-color8-h),var(--awb-color8-s),var(--awb-color8-l),calc(var(--awb-color8-a) - 70%));--awb-form-focus-border-color:var(--awb-color5);--awb-form-focus-border-hover-color:hsla(var(--awb-color5-h),var(--awb-color5-s),var(--awb-color5-l),calc(var(--awb-color5-a) - 50%));--awb-form-border-radius:0px;\" data-form-id=\"5508\" data-config=\"{&quot;form_id&quot;:&quot;5508&quot;,&quot;form_post_id&quot;:&quot;5508&quot;,&quot;post_id&quot;:5504,&quot;form_type&quot;:&quot;ajax&quot;,&quot;confirmation_type&quot;:&quot;message&quot;,&quot;redirect_url&quot;:&quot;&quot;,&quot;redirect_timeout&quot;:&quot;0&quot;,&quot;field_labels&quot;:{&quot;kind_name&quot;:&quot;&quot;,&quot;kind_geburtsjahr&quot;:&quot;&quot;,&quot;&quot;:&quot;&quot;,&quot;name_kontaktperson&quot;:&quot;&quot;,&quot;email_address&quot;:&quot;&quot;,&quot;anliegen&quot;:&quot;&quot;,&quot;message&quot;:&quot;&quot;},&quot;field_logics&quot;:{&quot;kind_name&quot;:&quot;&quot;,&quot;kind_geburtsjahr&quot;:&quot;&quot;,&quot;&quot;:&quot;&quot;,&quot;name_kontaktperson&quot;:&quot;&quot;,&quot;email_address&quot;:&quot;&quot;,&quot;anliegen&quot;:&quot;[]&quot;,&quot;message&quot;:&quot;&quot;,&quot;notice_1&quot;:&quot;&quot;,&quot;submit_1&quot;:&quot;&quot;},&quot;field_types&quot;:{&quot;kind_name&quot;:&quot;text&quot;,&quot;kind_geburtsjahr&quot;:&quot;date&quot;,&quot;&quot;:&quot;checkbox&quot;,&quot;name_kontaktperson&quot;:&quot;text&quot;,&quot;email_address&quot;:&quot;email&quot;,&quot;anliegen&quot;:&quot;select&quot;,&quot;message&quot;:&quot;textarea&quot;,&quot;notice_1&quot;:&quot;notice&quot;,&quot;submit_1&quot;:&quot;submit&quot;},&quot;nonce_method&quot;:&quot;ajax&quot;,&quot;form_views&quot;:&quot;ajax&quot;,&quot;form_views_counting&quot;:&quot;all&quot;}\"><form action=\"https:\/\/schwimmen-vfrsimmern.de\/index.php\/kontakt\/\" method=\"post\" class=\"fusion-form fusion-form-5508\"><div class=\"fusion-fullwidth fullwidth-box fusion-builder-row-1-1 fusion-flex-container nonhundred-percent-fullwidth non-hundred-percent-height-scrolling\" style=\"--awb-border-sizes-top:0px;--awb-border-sizes-bottom:0px;--awb-border-sizes-left:0px;--awb-border-sizes-right:0px;--awb-border-radius-top-left:0px;--awb-border-radius-top-right:0px;--awb-border-radius-bottom-right:0px;--awb-border-radius-bottom-left:0px;--awb-margin-top:0px;--awb-margin-bottom:0px;--awb-flex-wrap:wrap;\" ><div class=\"fusion-builder-row fusion-row fusion-flex-align-items-flex-start fusion-flex-content-wrap\" style=\"width:103% !important;max-width:103% !important;margin-left: calc(-3% \/ 2 );margin-right: calc(-3% \/ 2 );\"><div class=\"fusion-layout-column fusion_builder_column fusion-builder-column-1 fusion_builder_column_1_1 1_1 fusion-flex-column\" style=\"--awb-bg-size:cover;--awb-width-large:100%;--awb-flex-grow:0;--awb-flex-shrink:0;--awb-margin-top-large:0px;--awb-spacing-right-large:1.455%;--awb-margin-bottom-large:0px;--awb-spacing-left-large:1.455%;--awb-width-medium:100%;--awb-order-medium:0;--awb-flex-grow-medium:0;--awb-flex-shrink-medium:0;--awb-spacing-right-medium:1.455%;--awb-spacing-left-medium:1.455%;--awb-width-small:100%;--awb-order-small:0;--awb-flex-grow-small:0;--awb-flex-shrink-small:0;--awb-spacing-right-small:1.455%;--awb-spacing-left-small:1.455%;\"><div class=\"fusion-column-wrapper fusion-column-has-shadow fusion-flex-justify-content-flex-start fusion-content-layout-column\"><div class=\"fusion-text fusion-text-2 fusion-text-no-margin\" style=\"--awb-font-size:20px;--awb-line-height:30px;--awb-letter-spacing:-0.006em;--awb-text-transform:var(--awb-typography1-text-transform);--awb-text-color:#8e8e95;--awb-margin-top:12px;--awb-margin-bottom:0px;--awb-text-font-family:&quot;Inter&quot;;--awb-text-font-style:normal;--awb-text-font-weight:600;\"><p>Angaben zum Kind<\/p>\n<\/div><div class=\"fusion-form-field fusion-form-text-field fusion-form-label-above\" style=\"\" data-form-id=\"5508\"><input type=\"text\" autocomplete=\"off\"  data-invalid-notice=\"Es k\u00f6nnen nur Zahlen eingegeben werden.\" name=\"kind_name\" id=\"kind_name\" value=\"\"  class=\"fusion-form-input\" placeholder=\"Name des Kindes \" data-holds-private-data=\"false\" minlength=\"0\" maxlength=\"50\"\/><\/div><div class=\"fusion-text fusion-text-3 fusion-text-no-margin\" style=\"--awb-font-size:20px;--awb-line-height:30px;--awb-letter-spacing:-0.006em;--awb-text-transform:var(--awb-typography1-text-transform);--awb-text-color:#8e8e95;--awb-margin-top:12px;--awb-margin-bottom:0px;--awb-text-font-family:&quot;Inter&quot;;--awb-text-font-style:normal;--awb-text-font-weight:600;\"><p>Geburtsjahr des Kindes*<\/p>\n<\/div><div class=\"fusion-form-field fusion-form-date-field fusion-form-label-above\" style=\"\" data-form-id=\"5508\"><input autocomplete=\"off\" type=\"date\" data-first-day=\"1\"  data-format=\"Y\" tabindex=\"\" id=\"kind_geburtsjahr\" name=\"kind_geburtsjahr\" data-type=\"custom\" value=\"\" data-holds-private-data=\"false\" class=\"fusion-form-input\" required=\"true\" aria-required=\"true\" placeholder=\"2015 *\"autocomplete=\"no\"\/><\/div><div class=\"fusion-text fusion-text-4 fusion-text-no-margin\" style=\"--awb-font-size:20px;--awb-line-height:30px;--awb-letter-spacing:-0.006em;--awb-text-transform:var(--awb-typography1-text-transform);--awb-text-color:#8e8e95;--awb-margin-top:12px;--awb-margin-bottom:0px;--awb-text-font-family:&quot;Inter&quot;;--awb-text-font-style:normal;--awb-text-font-weight:600;\"><p>Vorkenntnisse<\/p>\n<\/div><div class=\"fusion-form-field fusion-form-checkbox-field fusion-form-label-above\" style=\"\" data-form-id=\"5508\"><fieldset><div class=\"fusion-form-checkbox\"><input tabindex=\"\" id=\"checkbox--1-0\" type=\"checkbox\" value=\"Seepferdchen\" name=\"[]\" class=\"fusion-form-input\" data-holds-private-data=\"false\"\/><label for=\"checkbox--1-0\">Seepferdchen<\/label><\/div><div class=\"fusion-form-checkbox\"><input tabindex=\"\" id=\"checkbox--1-1\" type=\"checkbox\" value=\"Seer\u00e4uber\" name=\"[]\" class=\"fusion-form-input\" data-holds-private-data=\"false\"\/><label for=\"checkbox--1-1\">Seer\u00e4uber<\/label><\/div><div class=\"fusion-form-checkbox\"><input tabindex=\"\" id=\"checkbox--1-2\" type=\"checkbox\" value=\"Vier Bahnen am St\u00fcck\" name=\"[]\" class=\"fusion-form-input\" data-holds-private-data=\"false\"\/><label for=\"checkbox--1-2\">Vier Bahnen am St\u00fcck<\/label><\/div><\/fieldset><\/div><div class=\"fusion-text fusion-text-5 fusion-text-no-margin\" style=\"--awb-font-size:20px;--awb-line-height:30px;--awb-letter-spacing:-0.006em;--awb-text-transform:var(--awb-typography1-text-transform);--awb-text-color:#8e8e95;--awb-margin-top:12px;--awb-margin-bottom:0px;--awb-text-font-family:&quot;Inter&quot;;--awb-text-font-style:normal;--awb-text-font-weight:600;\"><p>Name, Vorname Kontaktperson\/Erziehungsberechtigte*<\/p>\n<\/div><div class=\"fusion-form-field fusion-form-text-field fusion-form-label-above\" style=\"\" data-form-id=\"5508\"><input type=\"text\" autocomplete=\"off\"  data-invalid-notice=\"Es k\u00f6nnen nur Buchstaben eingegeben werden.\" name=\"name_kontaktperson\" id=\"name_kontaktperson\" value=\"\"  class=\"fusion-form-input\" required=\"true\" aria-required=\"true\" placeholder=\"Name, Vorname *\" data-holds-private-data=\"false\" minlength=\"0\" maxlength=\"60\"\/><\/div><div class=\"fusion-text fusion-text-6 fusion-text-no-margin\" style=\"--awb-font-size:20px;--awb-line-height:30px;--awb-letter-spacing:-0.006em;--awb-text-transform:var(--awb-typography1-text-transform);--awb-text-color:#8e8e95;--awb-margin-top:12px;--awb-margin-bottom:0px;--awb-text-font-family:&quot;Inter&quot;;--awb-text-font-style:normal;--awb-text-font-weight:600;\"><p>Email*<\/p>\n<\/div><div class=\"fusion-form-field fusion-form-email-field fusion-form-label-above\" style=\"\" data-form-id=\"5508\"><input type=\"email\" autocomplete=\"off\" name=\"email_address\" id=\"email_address\" value=\"\"  class=\"fusion-form-input\" required=\"true\" aria-required=\"true\" placeholder=\"mail@mail.de *\" data-holds-private-data=\"false\"\/><\/div><div class=\"fusion-text fusion-text-7 fusion-text-no-margin\" style=\"--awb-font-size:20px;--awb-line-height:30px;--awb-letter-spacing:-0.006em;--awb-text-transform:var(--awb-typography1-text-transform);--awb-text-color:#8e8e95;--awb-margin-top:12px;--awb-margin-bottom:0px;--awb-text-font-family:&quot;Inter&quot;;--awb-text-font-style:normal;--awb-text-font-weight:600;\"><p>&nbsp;<\/p>\n<\/div><div class=\"fusion-form-field fusion-form-select-field fusion-form-label-above\" style=\"\" data-form-id=\"5508\"><div class=\"fusion-select-wrapper\"><select autocomplete=\"off\" tabindex=\"\" id=\"anliegen\" name=\"anliegen\" class=\"fusion-form-input\" required=\"true\" aria-required=\"true\" data-holds-private-data=\"false\"><option value=\"Ich m\u00f6chte mich auf die Warteliste setzen lassen...\" >Ich m\u00f6chte mich auf die Warteliste setzen lassen...<\/option><option value=\"Ich habe folgende Frage:\" >Ich habe folgende Frage:<\/option><option value=\"Ich m\u00f6chte Mitglied im Verein werden...\" >Ich m\u00f6chte Mitglied im Verein werden...<\/option><\/select><div class=\"select-arrow\"><svg width=\"12\" height=\"8\" viewBox=\"0 0 12 8\" fill=\"none\" xmlns=\"http:\/\/www.w3.org\/2000\/svg\"> <path d=\"M1.5 1.75L6 6.25L10.5 1.75\" stroke=\"#6D6D6D\" stroke-width=\"2\" stroke-linecap=\"round\" stroke-linejoin=\"round\"\/> <\/svg><\/div><\/div><\/div><div class=\"fusion-text fusion-text-8 fusion-text-no-margin\" style=\"--awb-font-size:20px;--awb-line-height:30px;--awb-letter-spacing:-0.006em;--awb-text-transform:var(--awb-typography1-text-transform);--awb-text-color:#8e8e95;--awb-margin-top:12px;--awb-margin-bottom:0px;--awb-text-font-family:&quot;Inter&quot;;--awb-text-font-style:normal;--awb-text-font-weight:600;\"><p>Was ist Dein Anliegen?<\/p>\n<\/div>\n<div class=\"fusion-form-field fusion-form-textarea-field fusion-form-label-above\" style=\"\" data-form-id=\"5508\"><textarea cols=\"40\" autocomplete=\"off\"  minlength=\"0\"  rows=\"4\" tabindex=\"\" id=\"message\" name=\"message\" class=\"fusion-form-input\" placeholder=\"Hier kannst du deine Nachricht schreiben... \" data-holds-private-data=\"false\"><\/textarea><\/div><div class=\"fusion-builder-row fusion-builder-row-inner fusion-row fusion-flex-align-items-flex-start fusion-flex-content-wrap\" style=\"--awb-flex-grow:0;--awb-flex-grow-medium:0;--awb-flex-grow-small:0;--awb-flex-shrink:0;--awb-flex-shrink-medium:0;--awb-flex-shrink-small:0;width:103% !important;max-width:103% !important;margin-left: calc(-3% \/ 2 );margin-right: calc(-3% \/ 2 );\"><div class=\"fusion-layout-column fusion_builder_column_inner fusion-builder-nested-column-1 fusion_builder_column_inner_2_3 2_3 fusion-flex-column\" style=\"--awb-bg-size:cover;--awb-width-large:66.666666666667%;--awb-flex-grow:0;--awb-flex-shrink:0;--awb-margin-top-large:0px;--awb-spacing-right-large:0%;--awb-margin-bottom-large:0px;--awb-spacing-left-large:2.1825%;--awb-width-medium:66.666666666667%;--awb-order-medium:0;--awb-flex-grow-medium:0;--awb-flex-shrink-medium:0;--awb-spacing-right-medium:0%;--awb-spacing-left-medium:2.1825%;--awb-width-small:100%;--awb-order-small:0;--awb-flex-grow-small:0;--awb-flex-shrink-small:0;--awb-spacing-right-small:1.455%;--awb-spacing-left-small:1.455%;\"><div class=\"fusion-column-wrapper fusion-column-has-shadow fusion-flex-justify-content-flex-start fusion-content-layout-column\"><div class=\"fusion-form-field fusion-form-checkbox-field fusion-form-label-above\" style=\"\" data-form-id=\"5508\"><fieldset><div class=\"fusion-form-checkbox\"><input tabindex=\"\" id=\"checkbox--2-0\" type=\"checkbox\" value=\"Ich habe die Datenschutzbedingungen gelesen und akzeptiere diese hiermit\" name=\"[]\" class=\"fusion-form-input\" data-holds-private-data=\"false\"\/><label for=\"checkbox--2-0\">Ich habe die Datenschutzbedingungen gelesen und akzeptiere diese hiermit<\/label><\/div><\/fieldset><\/div><\/div><\/div><div class=\"fusion-layout-column fusion_builder_column_inner fusion-builder-nested-column-2 fusion_builder_column_inner_1_6 1_6 fusion-flex-column fusion-flex-align-self-center fusion-column-inner-bg-wrapper\" style=\"--awb-inner-bg-size:cover;--awb-width-large:16.666666666667%;--awb-flex-grow:0;--awb-flex-shrink:0;--awb-margin-top-large:0px;--awb-spacing-right-large:8.73%;--awb-margin-bottom-large:0px;--awb-spacing-left-large:0%;--awb-width-medium:16.666666666667%;--awb-order-medium:0;--awb-flex-grow-medium:0;--awb-flex-shrink-medium:0;--awb-spacing-right-medium:8.73%;--awb-spacing-left-medium:0%;--awb-width-small:100%;--awb-order-small:0;--awb-flex-grow-small:0;--awb-flex-shrink-small:0;--awb-spacing-right-small:1.455%;--awb-spacing-left-small:1.455%;\"><span class=\"fusion-column-inner-bg hover-type-none\"><a class=\"fusion-column-anchor\" href=\"https:\/\/schwimmen-vfrsimmern.de\/index.php\/datenschutzerklaerung\/\"><span class=\"fusion-column-inner-bg-image\"><\/span><\/a><\/span><div class=\"fusion-column-wrapper fusion-column-has-shadow fusion-flex-justify-content-flex-start fusion-content-layout-column\"><div ><a class=\"fusion-button button-flat fusion-button-default-size button-default fusion-button-default button-1 fusion-button-default-span fusion-button-default-type\" target=\"_self\"><i class=\"fa-external-link-alt fas awb-button__icon awb-button__icon--default button-icon-left\" aria-hidden=\"true\"><\/i><span class=\"fusion-button-text awb-button__text awb-button__text--default\">Datenschutzerkl\u00e4rung<\/span><\/a><\/div><\/div><\/div><\/div><div class=\"form-submission-notices data-notice_1\" id=\"fusion-notices-1\" data-instance=\"1\"><div class=\"fusion-alert alert success alert-success fusion-alert-center fusion-form-response fusion-form-response-success awb-alert-native-link-color alert-dismissable awb-alert-close-boxed\" role=\"alert\"><div class=\"fusion-alert-content-wrapper\"><span class=\"alert-icon\"><i class=\"awb-icon-check-circle\" aria-hidden=\"true\"><\/i><\/span><span class=\"fusion-alert-content\">Danke f\u00fcr Deine Nachricht. Sie wurde erfolgreich versendet.<\/span><\/div><button type=\"button\" class=\"close toggle-alert\" data-dismiss=\"alert\" aria-label=\"Close\">&times;<\/button><\/div><div class=\"fusion-alert alert error alert-danger fusion-alert-center fusion-form-response fusion-form-response-error awb-alert-native-link-color alert-dismissable awb-alert-close-boxed\" role=\"alert\"><div class=\"fusion-alert-content-wrapper\"><span class=\"alert-icon\"><i class=\"awb-icon-exclamation-triangle\" aria-hidden=\"true\"><\/i><\/span><span class=\"fusion-alert-content\">Bitte schaue dir das Formular noch mal an. Hier gab es leider einen Fehler.<\/span><\/div><button type=\"button\" class=\"close toggle-alert\" data-dismiss=\"alert\" aria-label=\"Close\">&times;<\/button><\/div><\/div><div class=\"fusion-form-field fusion-form-submit-field fusion-form-label-above\" style=\"\" data-form-id=\"5508\"><div ><button type=\"submit\" class=\"fusion-button button-flat fusion-button-default-size button-custom fusion-button-default button-2 fusion-button-default-span  button-default form-form-submit\" style=\"--awb-margin-top:10px;--awb-padding-top:20px;--awb-padding-right:32px;--awb-padding-bottom:20px;--awb-padding-left:32px;--button_accent_color:#ffffff;--button_accent_hover_color:#ffffff;--button_border_hover_color:var(--awb-color1);--button_border_width-top:0px;--button_border_width-right:0px;--button_border_width-bottom:0px;--button_border_width-left:0px;--button-border-radius-top-left:15px;--button-border-radius-top-right:15px;--button-border-radius-bottom-right:15px;--button-border-radius-bottom-left:15px;--button_gradient_top_color:var(--awb-color5);--button_gradient_bottom_color:var(--awb-color5);--button_gradient_top_color_hover:rgba(0,12,15,0.9);--button_gradient_bottom_color_hover:rgba(0,12,15,0.9);--button_text_transform:var(--awb-typography3-text-transform);--button_font_size:18px;--button_line_height:24px;--button_typography-letter-spacing:0px;--button_typography-font-family:&quot;Inter&quot;;--button_typography-font-style:normal;--button_typography-font-weight:600;\" data-form-number=\"5508\" tabindex=\"\"><span class=\"fusion-button-text awb-button__text awb-button__text--default\">Sende Nachricht<\/span><\/button><\/div><\/div><\/div><\/div><\/div><\/div><input type=\"hidden\" name=\"fusion_privacy_store_ip_ua\" value=\"true\"><input type=\"hidden\" name=\"fusion_privacy_expiration_interval\" value=\"48\"><input type=\"hidden\" name=\"privacy_expiration_action\" value=\"anonymize\"><\/form><\/div><\/div><\/div><\/div><\/div><\/div><\/div><\/div>\n","protected":false},"excerpt":{"rendered":"","protected":false},"author":1,"featured_media":0,"parent":0,"menu_order":0,"comment_status":"closed","ping_status":"closed","template":"100-width.php","meta":{"_bbp_topic_count":0,"_bbp_reply_count":0,"_bbp_total_topic_count":0,"_bbp_total_reply_count":0,"_bbp_voice_count":0,"_bbp_anonymous_reply_count":0,"_bbp_topic_count_hidden":0,"_bbp_reply_count_hidden":0,"_bbp_forum_subforum_count":0,"footnotes":""},"class_list":["post-5504","page","type-page","status-publish","hentry"],"_links":{"self":[{"href":"https:\/\/schwimmen-vfrsimmern.de\/index.php\/wp-json\/wp\/v2\/pages\/5504","targetHints":{"allow":["GET"]}}],"collection":[{"href":"https:\/\/schwimmen-vfrsimmern.de\/index.php\/wp-json\/wp\/v2\/pages"}],"about":[{"href":"https:\/\/schwimmen-vfrsimmern.de\/index.php\/wp-json\/wp\/v2\/types\/page"}],"author":[{"embeddable":true,"href":"https:\/\/schwimmen-vfrsimmern.de\/index.php\/wp-json\/wp\/v2\/users\/1"}],"replies":[{"embeddable":true,"href":"https:\/\/schwimmen-vfrsimmern.de\/index.php\/wp-json\/wp\/v2\/comments?post=5504"}],"version-history":[{"count":7,"href":"https:\/\/schwimmen-vfrsimmern.de\/index.php\/wp-json\/wp\/v2\/pages\/5504\/revisions"}],"predecessor-version":[{"id":5810,"href":"https:\/\/schwimmen-vfrsimmern.de\/index.php\/wp-json\/wp\/v2\/pages\/5504\/revisions\/5810"}],"wp:attachment":[{"href":"https:\/\/schwimmen-vfrsimmern.de\/index.php\/wp-json\/wp\/v2\/media?parent=5504"}],"curies":[{"name":"wp","href":"https:\/\/api.w.org\/{rel}","templated":true}]}}